{"id":3119,"date":"2017-06-30T09:48:28","date_gmt":"2017-06-30T07:48:28","guid":{"rendered":"https:\/\/www.lareservedelaube.com\/contact-2\/"},"modified":"2026-02-12T14:14:06","modified_gmt":"2026-02-12T13:14:06","slug":"faq","status":"publish","type":"page","link":"https:\/\/www.lareservedelaube.com\/fr\/faq\/","title":{"rendered":"FAQ"},"content":{"rendered":"<div class=\"wpb-content-wrapper\"><div id=\"titlefix\" data-vc-full-width=\"true\" data-vc-full-width-temp=\"true\" data-vc-full-width-init=\"false\" data-vc-stretch-content=\"true\" data-vc-parallax=\"1.4\" data-vc-parallax-image=\"https:\/\/www.lareservedelaube.com\/wp-content\/uploads\/2024\/11\/photo-onglet-faq-1-scaled.jpg\" class=\"vc_row wpb_row vc_row-fluid nd_options_vc_parallax_filter_1_2 headerbg vc_custom_1730970580651 vc_row-has-fill vc_row-no-padding vc_row-o-content-bottom vc_row-flex vc_general vc_parallax vc_parallax-content-moving\"><div class=\"wpb_column vc_column_container vc_col-sm-12\"><div class=\"vc_column-inner\"><div class=\"wpb_wrapper\">\n\t<div class=\"wpb_text_column wpb_content_element\" >\n\t\t<div class=\"wpb_wrapper\">\n\t\t\t<h1 style=\"text-align: center;\"><span style=\"color: #ffffff;\">FAQ<\/span><\/h1>\n<p style=\"text-align: center;\"><span style=\"color: #ffffff;\"><em>Foire aux questions \/ Frequently asked questions<\/em><\/span><\/p>\n\n\t\t<\/div>\n\t<\/div>\n<\/div><\/div><\/div><\/div><div class=\"vc_row-full-width vc_clearfix\"><\/div><div class=\"vc_row wpb_row vc_row-fluid\"><div class=\"wpb_column vc_column_container vc_col-sm-12\"><div class=\"vc_column-inner\"><div class=\"wpb_wrapper\">\n\t<div class=\"wpb_text_column wpb_content_element\" >\n\t\t<div class=\"wpb_wrapper\">\n\t\t\t\n\t\t<\/div>\n\t<\/div>\n<\/div><\/div><\/div><\/div><div class=\"vc_row wpb_row vc_row-fluid vc_custom_1612271034421\"><div class=\"wpb_column vc_column_container vc_col-sm-6\"><div class=\"vc_column-inner vc_custom_1467214267244\"><div class=\"wpb_wrapper\"> <h2 style=\"color:;padding:px;text-align:;font-size:25px;line-height:25px;letter-spacing: px;font-weight:normal\" class=\"   nd_options_first_font \">Retrouvez ici les r\u00e9ponses aux questions fr\u00e9quentes<\/h2> <div  class=\"vc_do_toggle vc_toggle vc_toggle_default vc_toggle_color_default  vc_toggle_size_md vc_custom_1635869127806\"><div class=\"vc_toggle_title\"><h4>PEUT-ON ARRIVER AVANT 16H POUR PROFITER DES LIEUX ?<\/h4><i class=\"vc_toggle_icon\"><\/i><\/div><div class=\"vc_toggle_content\"><p>Il n\u2019est pas possible d\u2019arriver avant l\u2019heure du check-in car nous disposons de seulement quelques heures pour la pr\u00e9paration des logements et l\u2019entretien du domaine.<\/p>\n<\/div><\/div><div  class=\"vc_do_toggle vc_toggle vc_toggle_default vc_toggle_color_default  vc_toggle_size_md\"><div class=\"vc_toggle_title\"><h4>PUIS-JE VENIR AVEC MON B\u00c9B\u00c9 O\u00d9 MON ENFANT ?<\/h4><i class=\"vc_toggle_icon\"><\/i><\/div><div class=\"vc_toggle_content\"><p>Le logement ne permet pas d\u2019accueillir d\u2019enfant et le site se veut totalement d\u00e9di\u00e9 aux adultes \u00e0 la recherche de calme et de tranquillit\u00e9.<\/p>\n<\/div><\/div><div  class=\"vc_do_toggle vc_toggle vc_toggle_default vc_toggle_color_default  vc_toggle_size_md\"><div class=\"vc_toggle_title\"><h4>PUIS-JE VENIR AVEC MON ANIMAL DE COMPAGNIE ?<\/h4><i class=\"vc_toggle_icon\"><\/i><\/div><div class=\"vc_toggle_content\"><p>Les animaux de compagnie ne sont pas accept\u00e9s \u00e0 La R\u00e9serve de l\u2019Aube<\/p>\n<\/div><\/div><div  class=\"vc_do_toggle vc_toggle vc_toggle_default vc_toggle_color_default  vc_toggle_size_md\"><div class=\"vc_toggle_title\"><h4>LA PISCINE EST-ELLE PRIVATIVE ?<\/h4><i class=\"vc_toggle_icon\"><\/i><\/div><div class=\"vc_toggle_content\"><p>La piscine, ouverte de mai \u00e0 octobre, est exclusivement d\u00e9di\u00e9e aux personnes r\u00e9sidant \u00e0 La R\u00e9serve de l\u2019Aube soit au maximum 6 personnes.<\/p>\n<\/div><\/div><div  class=\"vc_do_toggle vc_toggle vc_toggle_default vc_toggle_color_default  vc_toggle_size_md\"><div class=\"vc_toggle_title\"><h4>DES AMIS OU DE LA FAMILLE PEUVENT-ILS NOUS REJOINDRE EN JOURN\u00c9E ?<\/h4><i class=\"vc_toggle_icon\"><\/i><\/div><div class=\"vc_toggle_content\"><p>Le domaine est strictement r\u00e9serv\u00e9 aux seuls locataires.<\/p>\n<\/div><\/div><div  class=\"vc_do_toggle vc_toggle vc_toggle_default vc_toggle_color_default  vc_toggle_size_md\"><div class=\"vc_toggle_title\"><h4>PEUT-ON ORGANISER DES F\u00caTES ?<\/h4><i class=\"vc_toggle_icon\"><\/i><\/div><div class=\"vc_toggle_content\"><p>La capacit\u00e9 d\u2019accueil de La R\u00e9serve de l\u2019Aube est de maximum 6 personnes et ne permet pas d\u2019organiser de f\u00eate au-del\u00e0 de ce nombre.<\/p>\n<\/div><\/div><div  class=\"vc_do_toggle vc_toggle vc_toggle_default vc_toggle_color_default  vc_toggle_size_md\"><div class=\"vc_toggle_title\"><h4>PEUT-ON C\u00c9L\u00c9BRER UN \u00c9V\u00caNEMENT SP\u00c9CIAL \u00c0 LA R\u00c9SERVE DE L\u2019AUBE ?<\/h4><i class=\"vc_toggle_icon\"><\/i><\/div><div class=\"vc_toggle_content\"><p>Oui, c\u2019est m\u00eame le lieu id\u00e9al pour f\u00eater un anniversaire de mariage, une demande de PACS, de mariage\u2026 Demandez-nous conseils pour pr\u00e9parer votre chambre.<\/p>\n<\/div><\/div><div  class=\"vc_do_toggle vc_toggle vc_toggle_default vc_toggle_color_default  vc_toggle_size_md   desktoponly\"><div class=\"vc_toggle_title\"><h4>PEUT-ON RESTER AU BORD DE LA PISCINE APR\u00c8S L\u2019HEURE DU CHECK-OUT ?<\/h4><i class=\"vc_toggle_icon\"><\/i><\/div><div class=\"vc_toggle_content\"><p>Vous devez lib\u00e9rer le domaine \u00e0 11h le jour du d\u00e9part.<br \/>\nPour prolonger l\u2019exp\u00e9rience, nous vous invitons \u00e0 d\u00e9couvrir nos formules 2 nuits ou s\u00e9jours week-end.<br \/>\nSelon les disponibilit\u00e9s du jour, un d\u00e9part tardif peut \u00e9galement \u00eatre propos\u00e9 au tarif de 40 \u20ac (\u00e0 voir sur place).<\/p>\n<\/div><\/div><div  class=\"vc_do_toggle vc_toggle vc_toggle_default vc_toggle_color_default  vc_toggle_size_md   mobileonly\"><div class=\"vc_toggle_title\"><h4>PEUT-ON RESTER AU BORD DE LA PISCINE APR\u00c8S L\u2019HEURE DU CHECK-OUT ?<\/h4><i class=\"vc_toggle_icon\"><\/i><\/div><div class=\"vc_toggle_content\"><p>Le d\u00e9part du domaine se fait \u00e0 11h.<br \/>\nPour profiter plus longtemps, optez pour une formule 2 nuits \/ week-end.<br \/>\nUn d\u00e9part tardif (40 \u20ac) peut \u00eatre propos\u00e9 sur place selon disponibilit\u00e9s.<\/p>\n<\/div><\/div><div style=\"background-color:;height: 20px\" class=\"nicdark_section  \"><\/div>\n\t<div class=\"wpb_text_column wpb_content_element\" >\n\t\t<div class=\"wpb_wrapper\">\n\t\t\t<div>Une question pour un s\u00e9jour \u00e0 venir?<\/div>\n<div>\u00c9crivez-nous un message via ce formulaire de contact et nous y r\u00e9pondrons dans les meilleurs d\u00e9lais.<\/div>\n\n\t\t<\/div>\n\t<\/div>\n<div style=\"background-color:;height: 20px\" class=\"nicdark_section  \"><\/div><\/div><\/div><\/div><div class=\"wpb_column vc_column_container vc_col-sm-6\"><div class=\"vc_column-inner vc_custom_1467214272039\"><div class=\"wpb_wrapper\"> <h2 style=\"color:;padding:px;text-align:;font-size:25px;line-height:25px;letter-spacing: px;font-weight:normal\" class=\"   nd_options_first_font \">Vous ne trouvez pas votre r\u00e9ponse? Ecrivez nous<\/h2> \n\n    <!--start form-->\n    <div id=\"nd_options_shortcode_cf7_1072\" class=\"nd_options_section \">\n      \n      <div class=\"nd_options_section nd_options_box_sizing_border_box\">\n        \n<div class=\"wpcf7 no-js\" id=\"wpcf7-f1072-o1\" lang=\"en-US\" dir=\"ltr\">\n<div class=\"screen-reader-response\"><p role=\"status\" aria-live=\"polite\" aria-atomic=\"true\"><\/p> <ul><\/ul><\/div>\n<form action=\"\/fr\/wp-json\/wp\/v2\/pages\/3119#wpcf7-f1072-o1\" method=\"post\" class=\"wpcf7-form init\" aria-label=\"Contact form\" novalidate=\"novalidate\" data-status=\"init\">\n<input type=\"hidden\" name=\"_wpcf7\" value=\"1072\" \/><input type=\"hidden\" name=\"_wpcf7_version\" value=\"6.1.5\" \/><input type=\"hidden\" name=\"_wpcf7_locale\" value=\"en_US\" \/><input type=\"hidden\" name=\"_wpcf7_unit_tag\" value=\"wpcf7-f1072-o1\" \/><input type=\"hidden\" name=\"_wpcf7_container_post\" value=\"0\" \/><input type=\"hidden\" name=\"_wpcf7_posted_data_hash\" value=\"\" \/>\n\n<div class=\"nd_options_float_left nd_options_box_sizing_border_box nd_options_width_100_percentage_all_iphone_important nd_options_padding_0_right_important_all_iphone nd_options_padding_0_left_important_all_iphone \" style=\"padding: 0px 10px 15px 0px;width:100%\">\n<\/p>\n<p>Nom :\n<\/p>\n<p><\/div> <span class=\"wpcf7-form-control-wrap\" data-name=\"text-835\"><input size=\"40\" class=\"wpcf7-form-control wpcf7-text\" aria-invalid=\"false\" value=\"\" type=\"text\" name=\"text-835\" \/><\/span><br \/>\n<div class=\"nd_options_float_left nd_options_box_sizing_border_box nd_options_width_100_percentage_all_iphone_important nd_options_padding_0_right_important_all_iphone nd_options_padding_0_left_important_all_iphone \" style=\"padding: 0px 10px 15px 0px;width:100%\">\n<\/p>\n<p>Email :\n<\/p>\n<p><\/div> <span class=\"wpcf7-form-control-wrap\" data-name=\"email-658\"><input size=\"40\" class=\"wpcf7-form-control wpcf7-email wpcf7-text wpcf7-validates-as-email\" aria-invalid=\"false\" value=\"\" type=\"email\" name=\"email-658\" \/><\/span><br \/>\n<div class=\"nd_options_float_left nd_options_box_sizing_border_box nd_options_width_100_percentage_all_iphone_important nd_options_padding_0_right_important_all_iphone nd_options_padding_0_left_important_all_iphone \" style=\"padding: 0px 10px 15px 0px;width:100%\">\n<\/p>\n<p>Message :\n<\/p>\n<p><span class=\"wpcf7-form-control-wrap\" data-name=\"message\"><textarea cols=\"40\" rows=\"5\" class=\"wpcf7-form-control wpcf7-textarea nd_options_padding_10_20_important nd_options_margin_top_10\" name=\"message\"><\/textarea><\/span><\/div><br \/>\n<div class=\"nd_options_float_left nd_options_box_sizing_border_box nd_options_width_100_percentage_all_iphone_important nd_options_padding_0_right_important_all_iphone nd_options_padding_0_left_important_all_iphone \" style=\"padding: 0px 0px 0px 0px;width:30%\"><\/div><input class=\"wpcf7-form-control wpcf7-submit has-spinner nd_booking_padding_15_30_important nd_options_second_font_important nd_options_color_white nd_options_display_inline_block nd_options_font_size_11 nd_options_font_weight_bold nd_options_letter_spacing_2 nd_options_section\" type=\"submit\" value=\"Envoyer\" \/>\n<\/p><div class=\"wpcf7-response-output\" aria-hidden=\"true\"><\/div>\n<\/form>\n<\/div>\n \n      <\/div>  \n\n    <\/div>\n    <!--end form-->\n\n   \n\t<div class=\"wpb_raw_code wpb_raw_html wpb_content_element vc_custom_1635868852898\" >\n\t\t<div class=\"wpb_wrapper\">\n\t\t\t<div class=\"containeriframe\"><iframe loading=\"lazy\" src=\"https:\/\/www.google.com\/maps\/embed?pb=!1m18!1m12!1m3!1d2638.6935570561996!2d3.5521576160069!3d48.596566127059525!2m3!1f0!2f0!3f0!3m2!1i1024!2i768!4f13.1!3m3!1m2!1s0x47eed5cf9e59783f%3A0xaa9b98afa55eb5d9!2s13%20Rue%20Villebion%2C%2010370%20Villenauxe-la-Grande%2C%20France!5e0!3m2!1sfr!2sde!4v1612270143265!5m2!1sfr!2sde\" class=\"responsive-iframe\" width=\"600\" height=\"400\" frameborder=\"0\" style=\"border:0;\" allowfullscreen><\/iframe><\/div>\n\t\t<\/div>\n\t<\/div>\n<div style=\"background-color:;height: 25px\" class=\"nicdark_section  \"><\/div><\/div><\/div><\/div><\/div>\n<\/div>","protected":false},"excerpt":{"rendered":"FAQ Foire aux questions \/ Frequently asked questions Retrouvez ici les r\u00e9ponses aux questions fr\u00e9quentes PEUT-ON ARRIVER AVANT 16H POUR PROFITER DES LIEUX ?Il n\u2019est pas possible d\u2019arriver avant l\u2019heure du check-in car nous disposons de seulement quelques heures pour la pr\u00e9paration des logements et l\u2019entretien du domaine. PUIS-JE VENIR AVEC MON B\u00c9B\u00c9 O\u00d9 MON [...]","protected":false},"author":1,"featured_media":0,"parent":0,"menu_order":0,"comment_status":"closed","ping_status":"closed","template":"","meta":{"footnotes":""},"class_list":["post-3119","page","type-page","status-publish","hentry"],"yoast_head":"<!-- This site is optimized with the Yoast SEO plugin v27.5 - https:\/\/yoast.com\/product\/yoast-seo-wordpress\/ -->\n<title>FAQ - La R\u00e9serve de l&#039;Aube<\/title>\n<meta name=\"description\" content=\"Contactez et reserver \u00e0 La R\u00e9serve de l&#039;Aube, h\u00e9bergement insolite, logement en Champagne. Id\u00e9al s\u00e9jour en amoureux\" \/>\n<meta name=\"robots\" content=\"index, follow, max-snippet:-1, max-image-preview:large, max-video-preview:-1\" \/>\n<link rel=\"canonical\" href=\"https:\/\/www.lareservedelaube.com\/fr\/faq\/\" \/>\n<meta property=\"og:locale\" content=\"fr_FR\" \/>\n<meta property=\"og:type\" content=\"article\" \/>\n<meta property=\"og:title\" content=\"FAQ - La R\u00e9serve de l&#039;Aube\" \/>\n<meta property=\"og:description\" content=\"Contactez et reserver \u00e0 La R\u00e9serve de l&#039;Aube, h\u00e9bergement insolite, logement en Champagne. Id\u00e9al s\u00e9jour en amoureux\" \/>\n<meta property=\"og:url\" content=\"https:\/\/www.lareservedelaube.com\/fr\/faq\/\" \/>\n<meta property=\"og:site_name\" content=\"La R\u00e9serve de l&#039;Aube\" \/>\n<meta property=\"article:modified_time\" content=\"2026-02-12T13:14:06+00:00\" \/>\n<meta name=\"twitter:card\" content=\"summary_large_image\" \/>\n<meta name=\"twitter:label1\" content=\"Dur\u00e9e de lecture estim\u00e9e\" \/>\n\t<meta name=\"twitter:data1\" content=\"3 minutes\" \/>\n<script type=\"application\/ld+json\" class=\"yoast-schema-graph\">{\"@context\":\"https:\\\/\\\/schema.org\",\"@graph\":[{\"@type\":\"WebPage\",\"@id\":\"https:\\\/\\\/www.lareservedelaube.com\\\/faq\\\/\",\"url\":\"https:\\\/\\\/www.lareservedelaube.com\\\/faq\\\/\",\"name\":\"FAQ - La R\u00e9serve de l&#039;Aube\",\"isPartOf\":{\"@id\":\"https:\\\/\\\/www.lareservedelaube.com\\\/#website\"},\"datePublished\":\"2017-06-30T07:48:28+00:00\",\"dateModified\":\"2026-02-12T13:14:06+00:00\",\"description\":\"Contactez et reserver \u00e0 La R\u00e9serve de l'Aube, h\u00e9bergement insolite, logement en Champagne. Id\u00e9al s\u00e9jour en amoureux\",\"breadcrumb\":{\"@id\":\"https:\\\/\\\/www.lareservedelaube.com\\\/faq\\\/#breadcrumb\"},\"inLanguage\":\"fr-FR\",\"potentialAction\":[{\"@type\":\"ReadAction\",\"target\":[\"https:\\\/\\\/www.lareservedelaube.com\\\/faq\\\/\"]}]},{\"@type\":\"BreadcrumbList\",\"@id\":\"https:\\\/\\\/www.lareservedelaube.com\\\/faq\\\/#breadcrumb\",\"itemListElement\":[{\"@type\":\"ListItem\",\"position\":1,\"name\":\"Accueil\",\"item\":\"https:\\\/\\\/www.lareservedelaube.com\\\/\"},{\"@type\":\"ListItem\",\"position\":2,\"name\":\"FAQ\"}]},{\"@type\":\"WebSite\",\"@id\":\"https:\\\/\\\/www.lareservedelaube.com\\\/#website\",\"url\":\"https:\\\/\\\/www.lareservedelaube.com\\\/\",\"name\":\"La R\u00e9serve de l&#039;Aube\",\"description\":\"H\u00e9bergements insolites en Champagne\",\"potentialAction\":[{\"@type\":\"SearchAction\",\"target\":{\"@type\":\"EntryPoint\",\"urlTemplate\":\"https:\\\/\\\/www.lareservedelaube.com\\\/?s={search_term_string}\"},\"query-input\":{\"@type\":\"PropertyValueSpecification\",\"valueRequired\":true,\"valueName\":\"search_term_string\"}}],\"inLanguage\":\"fr-FR\"}]}<\/script>\n<!-- \/ Yoast SEO plugin. -->","yoast_head_json":{"title":"FAQ - La R\u00e9serve de l&#039;Aube","description":"Contactez et reserver \u00e0 La R\u00e9serve de l'Aube, h\u00e9bergement insolite, logement en Champagne. Id\u00e9al s\u00e9jour en amoureux","robots":{"index":"index","follow":"follow","max-snippet":"max-snippet:-1","max-image-preview":"max-image-preview:large","max-video-preview":"max-video-preview:-1"},"canonical":"https:\/\/www.lareservedelaube.com\/fr\/faq\/","og_locale":"fr_FR","og_type":"article","og_title":"FAQ - La R\u00e9serve de l&#039;Aube","og_description":"Contactez et reserver \u00e0 La R\u00e9serve de l'Aube, h\u00e9bergement insolite, logement en Champagne. Id\u00e9al s\u00e9jour en amoureux","og_url":"https:\/\/www.lareservedelaube.com\/fr\/faq\/","og_site_name":"La R\u00e9serve de l&#039;Aube","article_modified_time":"2026-02-12T13:14:06+00:00","twitter_card":"summary_large_image","twitter_misc":{"Dur\u00e9e de lecture estim\u00e9e":"3 minutes"},"schema":{"@context":"https:\/\/schema.org","@graph":[{"@type":"WebPage","@id":"https:\/\/www.lareservedelaube.com\/faq\/","url":"https:\/\/www.lareservedelaube.com\/faq\/","name":"FAQ - La R\u00e9serve de l&#039;Aube","isPartOf":{"@id":"https:\/\/www.lareservedelaube.com\/#website"},"datePublished":"2017-06-30T07:48:28+00:00","dateModified":"2026-02-12T13:14:06+00:00","description":"Contactez et reserver \u00e0 La R\u00e9serve de l'Aube, h\u00e9bergement insolite, logement en Champagne. Id\u00e9al s\u00e9jour en amoureux","breadcrumb":{"@id":"https:\/\/www.lareservedelaube.com\/faq\/#breadcrumb"},"inLanguage":"fr-FR","potentialAction":[{"@type":"ReadAction","target":["https:\/\/www.lareservedelaube.com\/faq\/"]}]},{"@type":"BreadcrumbList","@id":"https:\/\/www.lareservedelaube.com\/faq\/#breadcrumb","itemListElement":[{"@type":"ListItem","position":1,"name":"Accueil","item":"https:\/\/www.lareservedelaube.com\/"},{"@type":"ListItem","position":2,"name":"FAQ"}]},{"@type":"WebSite","@id":"https:\/\/www.lareservedelaube.com\/#website","url":"https:\/\/www.lareservedelaube.com\/","name":"La R\u00e9serve de l&#039;Aube","description":"H\u00e9bergements insolites en Champagne","potentialAction":[{"@type":"SearchAction","target":{"@type":"EntryPoint","urlTemplate":"https:\/\/www.lareservedelaube.com\/?s={search_term_string}"},"query-input":{"@type":"PropertyValueSpecification","valueRequired":true,"valueName":"search_term_string"}}],"inLanguage":"fr-FR"}]}},"_links":{"self":[{"href":"https:\/\/www.lareservedelaube.com\/fr\/wp-json\/wp\/v2\/pages\/3119","targetHints":{"allow":["GET"]}}],"collection":[{"href":"https:\/\/www.lareservedelaube.com\/fr\/wp-json\/wp\/v2\/pages"}],"about":[{"href":"https:\/\/www.lareservedelaube.com\/fr\/wp-json\/wp\/v2\/types\/page"}],"author":[{"embeddable":true,"href":"https:\/\/www.lareservedelaube.com\/fr\/wp-json\/wp\/v2\/users\/1"}],"replies":[{"embeddable":true,"href":"https:\/\/www.lareservedelaube.com\/fr\/wp-json\/wp\/v2\/comments?post=3119"}],"version-history":[{"count":3,"href":"https:\/\/www.lareservedelaube.com\/fr\/wp-json\/wp\/v2\/pages\/3119\/revisions"}],"predecessor-version":[{"id":4761,"href":"https:\/\/www.lareservedelaube.com\/fr\/wp-json\/wp\/v2\/pages\/3119\/revisions\/4761"}],"wp:attachment":[{"href":"https:\/\/www.lareservedelaube.com\/fr\/wp-json\/wp\/v2\/media?parent=3119"}],"curies":[{"name":"wp","href":"https:\/\/api.w.org\/{rel}","templated":true}]}}