{"id":2588,"date":"2021-01-04T15:24:43","date_gmt":"2021-01-04T14:24:43","guid":{"rendered":"https:\/\/reserve.hotel-webdesign.fr\/reservation\/"},"modified":"2026-03-19T12:40:55","modified_gmt":"2026-03-19T11:40:55","slug":"reservation","status":"publish","type":"page","link":"https:\/\/www.lareservedelaube.com\/fr\/reservation\/","title":{"rendered":"R\u00e9servation Logement Insolite"},"content":{"rendered":"<div class=\"wpb-content-wrapper\"><div id=\"titlefix\" data-vc-full-width=\"true\" data-vc-full-width-temp=\"true\" data-vc-full-width-init=\"false\" data-vc-stretch-content=\"true\" data-vc-parallax=\"1.5\" class=\"vc_row wpb_row vc_row-fluid headerbg nd_options_vc_parallax_filter_1_3 vc_custom_1739782070636 vc_row-has-fill vc_row-no-padding vc_row-o-content-bottom vc_row-flex vc_general vc_parallax vc_parallax-content-moving\"><div class=\"wpb_column vc_column_container vc_col-sm-12\"><div class=\"vc_column-inner\"><div class=\"wpb_wrapper\">\n\t<div class=\"wpb_text_column wpb_content_element\" >\n\t\t<div class=\"wpb_wrapper\">\n\t\t\t<h1 style=\"text-align: center;\"><span style=\"color: #ffffff;\">R\u00e9servation<\/span><\/h1>\n<p style=\"text-align: center;\"><span style=\"color: #ffffff;\"><em>Tarifs, disponibilit\u00e9s et r\u00e9servation d&rsquo;h\u00e9bergements<br \/>\n<strong>\u00a0Paiement CB en plusieurs fois d\u00e8s 400\u20ac<\/strong><br \/>\n<\/em><\/span><\/p>\n\n\t\t<\/div>\n\t<\/div>\n<\/div><\/div><\/div><\/div><div class=\"vc_row-full-width vc_clearfix\"><\/div><div class=\"vc_row wpb_row vc_row-fluid vc_custom_1770037308281\"><div class=\"wpb_column vc_column_container vc_col-sm-12\"><div class=\"vc_column-inner\"><div class=\"wpb_wrapper\">\n\t<div class=\"wpb_text_column wpb_content_element\" >\n\t\t<div class=\"wpb_wrapper\">\n\t\t\t<p style=\"text-align: center;\">\ud83c\udf7d\ufe0f Petit-d\u00e9jeuner inclus | \ud83c\udf78 Cocktail de bienvenue | \u2668\ufe0f Espace bien-\u00eatre (bain nordique privatif sur chaque terrasse, chauff\u00e9 au feu de bois) | \ud83c\udfca Piscine chauff\u00e9e en saison | \ud83e\uddfe Taxes de s\u00e9jour incluses<\/p>\n\n\t\t<\/div>\n\t<\/div>\n<\/div><\/div><\/div><\/div><div class=\"vc_row wpb_row vc_row-fluid vc_custom_1613033897610\"><div class=\"wpb_column vc_column_container vc_col-sm-12\"><div class=\"vc_column-inner\"><div class=\"wpb_wrapper\">\n\t<div class=\"wpb_text_column wpb_content_element\" >\n\t\t<div class=\"wpb_wrapper\">\n\t\t\t\n\n\t\t<\/div>\n\t<\/div>\n<\/div><\/div><\/div><\/div><div class=\"vc_row wpb_row vc_row-fluid vc_custom_1612970519642\"><div class=\"wpb_column vc_column_container vc_col-sm-12\"><div class=\"vc_column-inner\"><div class=\"wpb_wrapper\"><\/div><\/div><\/div><\/div>\n<\/div>","protected":false},"excerpt":{"rendered":"R\u00e9servation Tarifs, disponibilit\u00e9s et r\u00e9servation d'h\u00e9bergements \u00a0Paiement CB en plusieurs fois d\u00e8s 400\u20ac \ud83c\udf7d\ufe0f Petit-d\u00e9jeuner inclus | \ud83c\udf78 Cocktail de bienvenue | \u2668\ufe0f Espace bien-\u00eatre (bain nordique privatif sur chaque terrasse, chauff\u00e9 au feu de bois) | \ud83c\udfca Piscine chauff\u00e9e en saison | \ud83e\uddfe Taxes de s\u00e9jour incluses","protected":false},"author":1,"featured_media":0,"parent":0,"menu_order":0,"comment_status":"closed","ping_status":"closed","template":"","meta":{"footnotes":""},"class_list":["post-2588","page","type-page","status-publish","hentry"],"yoast_head":"<!-- This site is optimized with the Yoast SEO plugin v27.5 - https:\/\/yoast.com\/product\/yoast-seo-wordpress\/ -->\n<title>R\u00e9servation Logement Insolite - La R\u00e9serve de l&#039;Aube<\/title>\n<meta name=\"description\" content=\"Reservation s\u00e9jour amoureux romantique \u00e0 La R\u00e9serve de l&#039;Aube, h\u00e9bergement insolite, logement en Champagne. Id\u00e9al escapade en amoureux\" \/>\n<meta name=\"robots\" content=\"index, follow, max-snippet:-1, max-image-preview:large, max-video-preview:-1\" \/>\n<link rel=\"canonical\" href=\"https:\/\/www.lareservedelaube.com\/fr\/reservation\/\" \/>\n<meta property=\"og:locale\" content=\"fr_FR\" \/>\n<meta property=\"og:type\" content=\"article\" \/>\n<meta property=\"og:title\" content=\"R\u00e9servation Logement Insolite - La R\u00e9serve de l&#039;Aube\" \/>\n<meta property=\"og:description\" content=\"Reservation s\u00e9jour amoureux romantique \u00e0 La R\u00e9serve de l&#039;Aube, h\u00e9bergement insolite, logement en Champagne. Id\u00e9al escapade en amoureux\" \/>\n<meta property=\"og:url\" content=\"https:\/\/www.lareservedelaube.com\/fr\/reservation\/\" \/>\n<meta property=\"og:site_name\" content=\"La R\u00e9serve de l&#039;Aube\" \/>\n<meta property=\"article:modified_time\" content=\"2026-03-19T11:40:55+00:00\" \/>\n<meta name=\"twitter:card\" content=\"summary_large_image\" \/>\n<meta name=\"twitter:label1\" content=\"Dur\u00e9e de lecture estim\u00e9e\" \/>\n\t<meta name=\"twitter:data1\" content=\"1 minute\" \/>\n<script type=\"application\/ld+json\" class=\"yoast-schema-graph\">{\"@context\":\"https:\\\/\\\/schema.org\",\"@graph\":[{\"@type\":\"WebPage\",\"@id\":\"https:\\\/\\\/www.lareservedelaube.com\\\/reservation\\\/\",\"url\":\"https:\\\/\\\/www.lareservedelaube.com\\\/reservation\\\/\",\"name\":\"R\u00e9servation Logement Insolite - La R\u00e9serve de l&#039;Aube\",\"isPartOf\":{\"@id\":\"https:\\\/\\\/www.lareservedelaube.com\\\/#website\"},\"datePublished\":\"2021-01-04T14:24:43+00:00\",\"dateModified\":\"2026-03-19T11:40:55+00:00\",\"description\":\"Reservation s\u00e9jour amoureux romantique \u00e0 La R\u00e9serve de l'Aube, h\u00e9bergement insolite, logement en Champagne. Id\u00e9al escapade en amoureux\",\"breadcrumb\":{\"@id\":\"https:\\\/\\\/www.lareservedelaube.com\\\/reservation\\\/#breadcrumb\"},\"inLanguage\":\"fr-FR\",\"potentialAction\":[{\"@type\":\"ReadAction\",\"target\":[\"https:\\\/\\\/www.lareservedelaube.com\\\/reservation\\\/\"]}]},{\"@type\":\"BreadcrumbList\",\"@id\":\"https:\\\/\\\/www.lareservedelaube.com\\\/reservation\\\/#breadcrumb\",\"itemListElement\":[{\"@type\":\"ListItem\",\"position\":1,\"name\":\"Accueil\",\"item\":\"https:\\\/\\\/www.lareservedelaube.com\\\/\"},{\"@type\":\"ListItem\",\"position\":2,\"name\":\"R\u00e9servation Logement Insolite\"}]},{\"@type\":\"WebSite\",\"@id\":\"https:\\\/\\\/www.lareservedelaube.com\\\/#website\",\"url\":\"https:\\\/\\\/www.lareservedelaube.com\\\/\",\"name\":\"La R\u00e9serve de l&#039;Aube\",\"description\":\"H\u00e9bergements insolites en Champagne\",\"potentialAction\":[{\"@type\":\"SearchAction\",\"target\":{\"@type\":\"EntryPoint\",\"urlTemplate\":\"https:\\\/\\\/www.lareservedelaube.com\\\/?s={search_term_string}\"},\"query-input\":{\"@type\":\"PropertyValueSpecification\",\"valueRequired\":true,\"valueName\":\"search_term_string\"}}],\"inLanguage\":\"fr-FR\"}]}<\/script>\n<!-- \/ Yoast SEO plugin. -->","yoast_head_json":{"title":"R\u00e9servation Logement Insolite - La R\u00e9serve de l&#039;Aube","description":"Reservation s\u00e9jour amoureux romantique \u00e0 La R\u00e9serve de l'Aube, h\u00e9bergement insolite, logement en Champagne. Id\u00e9al escapade en amoureux","robots":{"index":"index","follow":"follow","max-snippet":"max-snippet:-1","max-image-preview":"max-image-preview:large","max-video-preview":"max-video-preview:-1"},"canonical":"https:\/\/www.lareservedelaube.com\/fr\/reservation\/","og_locale":"fr_FR","og_type":"article","og_title":"R\u00e9servation Logement Insolite - La R\u00e9serve de l&#039;Aube","og_description":"Reservation s\u00e9jour amoureux romantique \u00e0 La R\u00e9serve de l'Aube, h\u00e9bergement insolite, logement en Champagne. Id\u00e9al escapade en amoureux","og_url":"https:\/\/www.lareservedelaube.com\/fr\/reservation\/","og_site_name":"La R\u00e9serve de l&#039;Aube","article_modified_time":"2026-03-19T11:40:55+00:00","twitter_card":"summary_large_image","twitter_misc":{"Dur\u00e9e de lecture estim\u00e9e":"1 minute"},"schema":{"@context":"https:\/\/schema.org","@graph":[{"@type":"WebPage","@id":"https:\/\/www.lareservedelaube.com\/reservation\/","url":"https:\/\/www.lareservedelaube.com\/reservation\/","name":"R\u00e9servation Logement Insolite - La R\u00e9serve de l&#039;Aube","isPartOf":{"@id":"https:\/\/www.lareservedelaube.com\/#website"},"datePublished":"2021-01-04T14:24:43+00:00","dateModified":"2026-03-19T11:40:55+00:00","description":"Reservation s\u00e9jour amoureux romantique \u00e0 La R\u00e9serve de l'Aube, h\u00e9bergement insolite, logement en Champagne. Id\u00e9al escapade en amoureux","breadcrumb":{"@id":"https:\/\/www.lareservedelaube.com\/reservation\/#breadcrumb"},"inLanguage":"fr-FR","potentialAction":[{"@type":"ReadAction","target":["https:\/\/www.lareservedelaube.com\/reservation\/"]}]},{"@type":"BreadcrumbList","@id":"https:\/\/www.lareservedelaube.com\/reservation\/#breadcrumb","itemListElement":[{"@type":"ListItem","position":1,"name":"Accueil","item":"https:\/\/www.lareservedelaube.com\/"},{"@type":"ListItem","position":2,"name":"R\u00e9servation Logement Insolite"}]},{"@type":"WebSite","@id":"https:\/\/www.lareservedelaube.com\/#website","url":"https:\/\/www.lareservedelaube.com\/","name":"La R\u00e9serve de l&#039;Aube","description":"H\u00e9bergements insolites en Champagne","potentialAction":[{"@type":"SearchAction","target":{"@type":"EntryPoint","urlTemplate":"https:\/\/www.lareservedelaube.com\/?s={search_term_string}"},"query-input":{"@type":"PropertyValueSpecification","valueRequired":true,"valueName":"search_term_string"}}],"inLanguage":"fr-FR"}]}},"_links":{"self":[{"href":"https:\/\/www.lareservedelaube.com\/fr\/wp-json\/wp\/v2\/pages\/2588","targetHints":{"allow":["GET"]}}],"collection":[{"href":"https:\/\/www.lareservedelaube.com\/fr\/wp-json\/wp\/v2\/pages"}],"about":[{"href":"https:\/\/www.lareservedelaube.com\/fr\/wp-json\/wp\/v2\/types\/page"}],"author":[{"embeddable":true,"href":"https:\/\/www.lareservedelaube.com\/fr\/wp-json\/wp\/v2\/users\/1"}],"replies":[{"embeddable":true,"href":"https:\/\/www.lareservedelaube.com\/fr\/wp-json\/wp\/v2\/comments?post=2588"}],"version-history":[{"count":7,"href":"https:\/\/www.lareservedelaube.com\/fr\/wp-json\/wp\/v2\/pages\/2588\/revisions"}],"predecessor-version":[{"id":4778,"href":"https:\/\/www.lareservedelaube.com\/fr\/wp-json\/wp\/v2\/pages\/2588\/revisions\/4778"}],"wp:attachment":[{"href":"https:\/\/www.lareservedelaube.com\/fr\/wp-json\/wp\/v2\/media?parent=2588"}],"curies":[{"name":"wp","href":"https:\/\/api.w.org\/{rel}","templated":true}]}}