{"id":2586,"date":"2017-07-19T09:33:28","date_gmt":"2017-07-19T09:33:28","guid":{"rendered":"https:\/\/reserve.hotel-webdesign.fr\/hebergements\/"},"modified":"2026-03-20T10:57:12","modified_gmt":"2026-03-20T09:57:12","slug":"accommodation-2","status":"publish","type":"page","link":"https:\/\/www.lareservedelaube.com\/en\/accommodation-2\/","title":{"rendered":"Accommodation"},"content":{"rendered":"<div class=\"wpb-content-wrapper\"><div id=\"titlefix\" data-vc-full-width=\"true\" data-vc-full-width-temp=\"true\" data-vc-full-width-init=\"false\" data-vc-stretch-content=\"true\" data-vc-parallax=\"1.9\" data-vc-parallax-image=\"https:\/\/www.lareservedelaube.com\/wp-content\/uploads\/2024\/11\/photo-onglet-hebergements-scaled.jpg\" class=\"vc_row wpb_row vc_row-fluid nd_options_vc_parallax_filter_1_3 headerbg vc_custom_1730969609434 vc_row-has-fill vc_row-no-padding vc_row-o-content-top vc_row-flex vc_general vc_parallax vc_parallax-content-moving\"><div class=\"wpb_column vc_column_container vc_col-sm-12\"><div class=\"vc_column-inner\"><div class=\"wpb_wrapper\">\n\t<div class=\"wpb_text_column wpb_content_element\" >\n\t\t<div class=\"wpb_wrapper\">\n\t\t\t<h1 style=\"text-align: center;\"><span style=\"color: #ffffff;\">H\u00e9bergements<\/span><\/h1>\n<p style=\"text-align: center;\"><span style=\"color: #ffffff;\"><em>D\u00e9couvrez les h\u00e9bergements insolites de \u00ab\u00a0La R\u00e9serve de l&rsquo;Aube\u00a0\u00bb<\/em><\/span><\/p>\n<p style=\"text-align: center; color: #ffffff;\">Arriv\u00e9es de 16h \u00e0 20h \u2013 D\u00e9parts jusqu\u2019\u00e0 11h<br \/>\nD\u00e9part tardif possible jusqu\u2019\u00e0 13h, en option.<\/p>\n\n\t\t<\/div>\n\t<\/div>\n<\/div><\/div><\/div><\/div><div class=\"vc_row-full-width vc_clearfix\"><\/div><div class=\"vc_row wpb_row vc_row-fluid innerpage vc_custom_1612783195842\"><div class=\"wpb_column vc_column_container vc_col-sm-12\"><div class=\"vc_column-inner\"><div class=\"wpb_wrapper\">\n\t<div class=\"wpb_text_column wpb_content_element vc_custom_1774000623917 nd_options_text_align_center_responsive\" >\n\t\t<div class=\"wpb_wrapper\">\n\t\t\t<p style=\"text-align: center;\">Chaque h\u00e9bergement dispose d\u2019une terrasse priv\u00e9e, d\u2019une salle de bain enti\u00e8rement vitr\u00e9e et d\u2019un bain nordique privatif.<\/p>\n\n\t\t<\/div>\n\t<\/div>\n\n\n\t<script type=\"text\/javascript\">\n    \/\/<![CDATA[\n    \n    jQuery(document).ready(function() {\n\n      \/\/START masonry\n      jQuery(function ($) {\n        \n        \/\/Masonry\n    \t\tvar $nd_booking_masonry_content = $(\".nd_booking_masonry_content\").imagesLoaded( function() {\n    \t\t  \/\/ init Masonry after all images have loaded\n    \t\t  $nd_booking_masonry_content.masonry({\n    \t\t    itemSelector: \".nd_booking_masonry_item\"\n    \t\t  });\n    \t\t});\n\n      });\n      \/\/END masonry\n\n    });\n\n    \/\/]]>\n  <\/script>\n\n<div class=\"nd_booking_section nd_booking_masonry_content zomespagehebergements \">\n\n<div id=\"nd_booking_archive_cpt_1_single_1710\" class=\" nd_booking_rooms_component_l3 nd_booking_masonry_item nd_booking_width_33_percentage nd_booking_float_left nd_booking_width_100_percentage_responsive\">\n\n    <div class=\"nd_booking_section nd_booking_padding_15 nd_booking_box_sizing_border_box\">\n\n        <div class=\"nd_booking_section nd_booking_border_1_solid_grey nd_booking_bg_white\">\n            \n            \n\n        <a href=\"https:\/\/www.lareservedelaube.com\/en\/unusual-accommodation\/hebergement-du-cerisier-2\/\">\n            <div class=\"nd_booking_section nd_booking_position_relative\">\n\n                <img decoding=\"async\" alt=\"\" class=\"nd_booking_section\" src=\"https:\/\/www.lareservedelaube.com\/wp-content\/uploads\/2026\/05\/logement-du-cerisier-768x576.jpg\">\n\n                <div class=\"nd_booking_bg_greydark_alpha_gradient_3 nd_booking_position_absolute nd_booking_left_0 nd_booking_height_100_percentage nd_booking_width_100_percentage nd_booking_padding_30 nd_booking_box_sizing_border_box\">\n                    <div class=\"nd_booking_position_absolute nd_booking_bottom_20\">\n\n\n                        <div class=\"nd_booking_display_table nd_booking_float_left\">\n                            <p class=\"nd_booking_display_table_cell nd_booking_padding_right_20 nd_booking_vertical_align_middle  nd_options_color_white nd_booking_margin_right_10  nd_booking_font_size_11 nd_booking_letter_spacing_2 nd_booking_text_transform_uppercase\">H\u00e9bergement du Cerisier<\/p>\n                            <p style=\"background-color:#557f57;\" class=\"nd_booking_display_table_cell nd_booking_vertical_align_middle  nd_options_color_white  nd_booking_font_size_11 nd_booking_padding_3_5 nd_booking_letter_spacing_2 nd_booking_text_transform_uppercase\">FROM 149 \u20ac<\/p>\n                        <\/div>\n                        \n                    <\/div>\n                <\/div>\n\n            <\/div>\n        <\/a>\n\n\n    \n\n        <\/div>\n\n    <\/div>\n\n<\/div>\n\n<div id=\"nd_booking_archive_cpt_1_single_1664\" class=\" nd_booking_rooms_component_l3 nd_booking_masonry_item nd_booking_width_33_percentage nd_booking_float_left nd_booking_width_100_percentage_responsive\">\n\n    <div class=\"nd_booking_section nd_booking_padding_15 nd_booking_box_sizing_border_box\">\n\n        <div class=\"nd_booking_section nd_booking_border_1_solid_grey nd_booking_bg_white\">\n            \n            \n\n        <a href=\"https:\/\/www.lareservedelaube.com\/en\/unusual-accommodation\/hebergement-du-figuier-2\/\">\n            <div class=\"nd_booking_section nd_booking_position_relative\">\n\n                <img decoding=\"async\" alt=\"\" class=\"nd_booking_section\" src=\"https:\/\/www.lareservedelaube.com\/wp-content\/uploads\/2026\/05\/logement-du-figuier-768x576.jpg\">\n\n                <div class=\"nd_booking_bg_greydark_alpha_gradient_3 nd_booking_position_absolute nd_booking_left_0 nd_booking_height_100_percentage nd_booking_width_100_percentage nd_booking_padding_30 nd_booking_box_sizing_border_box\">\n                    <div class=\"nd_booking_position_absolute nd_booking_bottom_20\">\n\n\n                        <div class=\"nd_booking_display_table nd_booking_float_left\">\n                            <p class=\"nd_booking_display_table_cell nd_booking_padding_right_20 nd_booking_vertical_align_middle  nd_options_color_white nd_booking_margin_right_10  nd_booking_font_size_11 nd_booking_letter_spacing_2 nd_booking_text_transform_uppercase\">H\u00e9bergement du Figuier<\/p>\n                            <p style=\"background-color:#557f57;\" class=\"nd_booking_display_table_cell nd_booking_vertical_align_middle  nd_options_color_white  nd_booking_font_size_11 nd_booking_padding_3_5 nd_booking_letter_spacing_2 nd_booking_text_transform_uppercase\">FROM 149 \u20ac<\/p>\n                        <\/div>\n                        \n                    <\/div>\n                <\/div>\n\n            <\/div>\n        <\/a>\n\n\n    \n\n        <\/div>\n\n    <\/div>\n\n<\/div>\n\n<div id=\"nd_booking_archive_cpt_1_single_96\" class=\" nd_booking_rooms_component_l3 nd_booking_masonry_item nd_booking_width_33_percentage nd_booking_float_left nd_booking_width_100_percentage_responsive\">\n\n    <div class=\"nd_booking_section nd_booking_padding_15 nd_booking_box_sizing_border_box\">\n\n        <div class=\"nd_booking_section nd_booking_border_1_solid_grey nd_booking_bg_white\">\n            \n            \n\n        <a href=\"https:\/\/www.lareservedelaube.com\/en\/unusual-accommodation\/hebergement-du-noyer-2\/\">\n            <div class=\"nd_booking_section nd_booking_position_relative\">\n\n                <img decoding=\"async\" alt=\"\" class=\"nd_booking_section\" src=\"https:\/\/www.lareservedelaube.com\/wp-content\/uploads\/2017\/06\/logement-du-noyer-768x512.jpg\">\n\n                <div class=\"nd_booking_bg_greydark_alpha_gradient_3 nd_booking_position_absolute nd_booking_left_0 nd_booking_height_100_percentage nd_booking_width_100_percentage nd_booking_padding_30 nd_booking_box_sizing_border_box\">\n                    <div class=\"nd_booking_position_absolute nd_booking_bottom_20\">\n\n\n                        <div class=\"nd_booking_display_table nd_booking_float_left\">\n                            <p class=\"nd_booking_display_table_cell nd_booking_padding_right_20 nd_booking_vertical_align_middle  nd_options_color_white nd_booking_margin_right_10  nd_booking_font_size_11 nd_booking_letter_spacing_2 nd_booking_text_transform_uppercase\">H\u00e9bergement du Noyer<\/p>\n                            <p style=\"background-color:#557f57;\" class=\"nd_booking_display_table_cell nd_booking_vertical_align_middle  nd_options_color_white  nd_booking_font_size_11 nd_booking_padding_3_5 nd_booking_letter_spacing_2 nd_booking_text_transform_uppercase\">FROM 149 \u20ac<\/p>\n                        <\/div>\n                        \n                    <\/div>\n                <\/div>\n\n            <\/div>\n        <\/a>\n\n\n    \n\n        <\/div>\n\n    <\/div>\n\n<\/div><\/div>\n\t<div class=\"wpb_text_column wpb_content_element vc_custom_1770037061341 nd_options_text_align_center_responsive\" >\n\t\t<div class=\"wpb_wrapper\">\n\t\t\t<p style=\"text-align: center;\"><strong>Petit-d\u00e9jeuner inclus \u2013 cocktail de bienvenue offert.<\/strong><\/p>\n\n\t\t<\/div>\n\t<\/div>\n<\/div><\/div><\/div><\/div><div class=\"vc_row wpb_row vc_row-fluid vc_custom_1612783188423\"><div class=\"wpb_column vc_column_container vc_col-sm-6\"><div class=\"vc_column-inner vc_custom_1467360650255\"><div class=\"wpb_wrapper\"><div style=\"background-color:;height: 10px\" class=\"nicdark_section  \"><\/div> <h2 style=\"color:#727475;padding:px;text-align:right;font-size:40px;line-height:50px;letter-spacing: px;font-weight:normal\" class=\"  nd_options_text_align_center_responsive_important nd_options_first_font \">H\u00e9bergements atypiques aux portes de la Champagne<\/h2> \n\t<div class=\"wpb_text_column wpb_content_element nd_options_text_align_center_responsive\" >\n\t\t<div class=\"wpb_wrapper\">\n\t\t\t<p style=\"font-weight: 200; text-align: right;\"><em>A seulement 100km de Paris<\/em><\/p>\n\n\t\t<\/div>\n\t<\/div>\n<\/div><\/div><\/div><div class=\"wpb_column vc_column_container vc_col-sm-3\"><div class=\"vc_column-inner vc_custom_1467207292391\"><div class=\"wpb_wrapper\"><div style=\"background-color:;height: 20px\" class=\"nicdark_section  \"><\/div>\n\t<div class=\"wpb_text_column wpb_content_element nd_options_text_align_center_responsive\" >\n\t\t<div class=\"wpb_wrapper\">\n\t\t\t<p style=\"font-weight: 200;\">Nos \u00ab\u00a0Zomes\u00a0\u00bb sont des constructions atypiques en bois. Nich\u00e9s dans un \u00e9crin de verdure dans l&rsquo;Aube, nos h\u00e9bergements insolites tiennent la promesse d&rsquo;un s\u00e9jour hors des sentiers battus, qui vous laissera r\u00eaveur.<\/p>\n\n\t\t<\/div>\n\t<\/div>\n<\/div><\/div><\/div><div class=\"wpb_column vc_column_container vc_col-sm-3\"><div class=\"vc_column-inner vc_custom_1467207298589\"><div class=\"wpb_wrapper\"><div style=\"background-color:;height: 20px\" class=\"nicdark_section  \"><\/div>\n\t<div class=\"wpb_text_column wpb_content_element nd_options_text_align_center_responsive\" >\n\t\t<div class=\"wpb_wrapper\">\n\t\t\t<p>V\u00e9ritables cocons, ces petites structures disposent de tout le confort n\u00e9cessaire \u00e0 un s\u00e9jour agr\u00e9able en couple, ou une escapade amoureuse en Champagne. Les toits panoramiques des Zomes offrent des nuit \u00e9toil\u00e9es \u00e0 des visiteurs toujours combl\u00e9s!<\/p>\n\n\t\t<\/div>\n\t<\/div>\n<\/div><\/div><\/div><\/div><div data-vc-full-width=\"true\" data-vc-full-width-temp=\"true\" data-vc-full-width-init=\"false\" data-vc-stretch-content=\"true\" class=\"vc_row wpb_row vc_row-fluid vc_custom_1620052864116 vc_row-has-fill\"><div class=\"wpb_column vc_column_container vc_col-sm-12\"><div class=\"vc_column-inner\"><div class=\"wpb_wrapper\">\n\t<div class=\"nd_options_section nd_options_text_align_center\">\n\t<a style=\"border: px solid;border-radius:px;letter-spacing:px;line-height:px;font-size:px;background-color:#557f57;padding:10px 20px;margin:;color:#ffffff\" rel=\"\" href=\"\/reservation\/\" class=\"nicdark_display_inline_block     \">Voir les disponibilit\u00e9s et r\u00e9server un h\u00e9bergement insolite<\/a>\n\t<\/div>\n<\/div><\/div><\/div><\/div><div class=\"vc_row-full-width vc_clearfix\"><\/div>\n<\/div>","protected":false},"excerpt":{"rendered":"H\u00e9bergement insolite d\u2019exception, entre nature, design et confort h\u00f4telier &nbsp; \u2022 Chambre avec lit double et vue sur le ciel \u2022 Salle de bain panoramique sous verri\u00e8re (douche + WC) \u2022 Terrasse priv\u00e9e avec coin salon &amp; espace repas \u2022 Bain nordique ext\u00e9rieur \u2022 Literie haut de gamme \u2013 matelas qualit\u00e9 h\u00f4teli\u00e8re \u2022 Linge de [...]","protected":false},"author":1,"featured_media":4291,"parent":0,"menu_order":0,"comment_status":"closed","ping_status":"closed","template":"","meta":{"footnotes":""},"class_list":["post-2586","page","type-page","status-publish","has-post-thumbnail","hentry"],"yoast_head":"<!-- This site is optimized with the Yoast SEO plugin v27.5 - https:\/\/yoast.com\/product\/yoast-seo-wordpress\/ -->\n<title>H\u00e9bergements - La R\u00e9serve de l&#039;Aube<\/title>\n<meta name=\"description\" content=\"H\u00e9bergements zome de La R\u00e9serve de l&#039;Aube, h\u00e9bergement insolite, logement en Champagne. Id\u00e9al s\u00e9jour en amoureux avec piscine\" \/>\n<meta name=\"robots\" content=\"index, follow, max-snippet:-1, max-image-preview:large, max-video-preview:-1\" \/>\n<link rel=\"canonical\" href=\"https:\/\/www.lareservedelaube.com\/en\/accommodation-2\/\" \/>\n<meta property=\"og:locale\" content=\"en_US\" \/>\n<meta property=\"og:type\" content=\"article\" \/>\n<meta property=\"og:title\" content=\"H\u00e9bergements - La R\u00e9serve de l&#039;Aube\" \/>\n<meta property=\"og:description\" content=\"H\u00e9bergements zome de La R\u00e9serve de l&#039;Aube, h\u00e9bergement insolite, logement en Champagne. Id\u00e9al s\u00e9jour en amoureux avec piscine\" \/>\n<meta property=\"og:url\" content=\"https:\/\/www.lareservedelaube.com\/en\/accommodation-2\/\" \/>\n<meta property=\"og:site_name\" content=\"La R\u00e9serve de l&#039;Aube\" \/>\n<meta property=\"article:modified_time\" content=\"2026-03-20T09:57:12+00:00\" \/>\n<meta property=\"og:image\" content=\"https:\/\/www.lareservedelaube.com\/wp-content\/uploads\/2024\/11\/la-reserve-de-laube-zome-cerisier-du-dessus-11-1.jpg\" \/>\n\t<meta property=\"og:image:width\" content=\"2500\" \/>\n\t<meta property=\"og:image:height\" content=\"1875\" \/>\n\t<meta property=\"og:image:type\" content=\"image\/jpeg\" \/>\n<meta name=\"twitter:card\" content=\"summary_large_image\" \/>\n<meta name=\"twitter:label1\" content=\"Est. reading time\" \/>\n\t<meta name=\"twitter:data1\" content=\"2 minutes\" \/>\n<script type=\"application\/ld+json\" class=\"yoast-schema-graph\">{\"@context\":\"https:\\\/\\\/schema.org\",\"@graph\":[{\"@type\":\"WebPage\",\"@id\":\"https:\\\/\\\/www.lareservedelaube.com\\\/hebergements\\\/\",\"url\":\"https:\\\/\\\/www.lareservedelaube.com\\\/hebergements\\\/\",\"name\":\"H\u00e9bergements - La R\u00e9serve de l&#039;Aube\",\"isPartOf\":{\"@id\":\"https:\\\/\\\/www.lareservedelaube.com\\\/#website\"},\"primaryImageOfPage\":{\"@id\":\"https:\\\/\\\/www.lareservedelaube.com\\\/hebergements\\\/#primaryimage\"},\"image\":{\"@id\":\"https:\\\/\\\/www.lareservedelaube.com\\\/hebergements\\\/#primaryimage\"},\"thumbnailUrl\":\"https:\\\/\\\/www.lareservedelaube.com\\\/wp-content\\\/uploads\\\/2024\\\/11\\\/la-reserve-de-laube-zome-cerisier-du-dessus-11-1.jpg\",\"datePublished\":\"2017-07-19T09:33:28+00:00\",\"dateModified\":\"2026-03-20T09:57:12+00:00\",\"description\":\"H\u00e9bergements zome de La R\u00e9serve de l'Aube, h\u00e9bergement insolite, logement en Champagne. Id\u00e9al s\u00e9jour en amoureux avec piscine\",\"breadcrumb\":{\"@id\":\"https:\\\/\\\/www.lareservedelaube.com\\\/hebergements\\\/#breadcrumb\"},\"inLanguage\":\"en-UK\",\"potentialAction\":[{\"@type\":\"ReadAction\",\"target\":[\"https:\\\/\\\/www.lareservedelaube.com\\\/hebergements\\\/\"]}]},{\"@type\":\"ImageObject\",\"inLanguage\":\"en-UK\",\"@id\":\"https:\\\/\\\/www.lareservedelaube.com\\\/hebergements\\\/#primaryimage\",\"url\":\"https:\\\/\\\/www.lareservedelaube.com\\\/wp-content\\\/uploads\\\/2024\\\/11\\\/la-reserve-de-laube-zome-cerisier-du-dessus-11-1.jpg\",\"contentUrl\":\"https:\\\/\\\/www.lareservedelaube.com\\\/wp-content\\\/uploads\\\/2024\\\/11\\\/la-reserve-de-laube-zome-cerisier-du-dessus-11-1.jpg\",\"width\":2500,\"height\":1875},{\"@type\":\"BreadcrumbList\",\"@id\":\"https:\\\/\\\/www.lareservedelaube.com\\\/hebergements\\\/#breadcrumb\",\"itemListElement\":[{\"@type\":\"ListItem\",\"position\":1,\"name\":\"Accueil\",\"item\":\"https:\\\/\\\/www.lareservedelaube.com\\\/\"},{\"@type\":\"ListItem\",\"position\":2,\"name\":\"H\u00e9bergements\"}]},{\"@type\":\"WebSite\",\"@id\":\"https:\\\/\\\/www.lareservedelaube.com\\\/#website\",\"url\":\"https:\\\/\\\/www.lareservedelaube.com\\\/\",\"name\":\"La R\u00e9serve de l&#039;Aube\",\"description\":\"H\u00e9bergements insolites en Champagne\",\"potentialAction\":[{\"@type\":\"SearchAction\",\"target\":{\"@type\":\"EntryPoint\",\"urlTemplate\":\"https:\\\/\\\/www.lareservedelaube.com\\\/?s={search_term_string}\"},\"query-input\":{\"@type\":\"PropertyValueSpecification\",\"valueRequired\":true,\"valueName\":\"search_term_string\"}}],\"inLanguage\":\"en-UK\"}]}<\/script>\n<!-- \/ Yoast SEO plugin. -->","yoast_head_json":{"title":"Accommodations - La R\u00e9serve de l&#039;Aube","description":"Accommodations zome de La R\u00e9serve de l'Aube, unusual accommodation, accommodation in Champagne. Ideal romantic getaway with swimming pool","robots":{"index":"index","follow":"follow","max-snippet":"max-snippet:-1","max-image-preview":"max-image-preview:large","max-video-preview":"max-video-preview:-1"},"canonical":"https:\/\/www.lareservedelaube.com\/en\/accommodation-2\/","og_locale":"en_US","og_type":"article","og_title":"H\u00e9bergements - La R\u00e9serve de l&#039;Aube","og_description":"H\u00e9bergements zome de La R\u00e9serve de l'Aube, h\u00e9bergement insolite, logement en Champagne. Id\u00e9al s\u00e9jour en amoureux avec piscine","og_url":"https:\/\/www.lareservedelaube.com\/en\/accommodation-2\/","og_site_name":"La R\u00e9serve de l&#039;Aube","article_modified_time":"2026-03-20T09:57:12+00:00","og_image":[{"width":2500,"height":1875,"url":"https:\/\/www.lareservedelaube.com\/wp-content\/uploads\/2024\/11\/la-reserve-de-laube-zome-cerisier-du-dessus-11-1.jpg","type":"image\/jpeg"}],"twitter_card":"summary_large_image","twitter_misc":{"Est. reading time":"2 minutes"},"schema":{"@context":"https:\/\/schema.org","@graph":[{"@type":"WebPage","@id":"https:\/\/www.lareservedelaube.com\/hebergements\/","url":"https:\/\/www.lareservedelaube.com\/hebergements\/","name":"Accommodations - La R\u00e9serve de l&#039;Aube","isPartOf":{"@id":"https:\/\/www.lareservedelaube.com\/#website"},"primaryImageOfPage":{"@id":"https:\/\/www.lareservedelaube.com\/hebergements\/#primaryimage"},"image":{"@id":"https:\/\/www.lareservedelaube.com\/hebergements\/#primaryimage"},"thumbnailUrl":"https:\/\/www.lareservedelaube.com\/wp-content\/uploads\/2024\/11\/la-reserve-de-laube-zome-cerisier-du-dessus-11-1.jpg","datePublished":"2017-07-19T09:33:28+00:00","dateModified":"2026-03-20T09:57:12+00:00","description":"Accommodations zome de La R\u00e9serve de l'Aube, unusual accommodation, accommodation in Champagne. Ideal romantic getaway with swimming pool","breadcrumb":{"@id":"https:\/\/www.lareservedelaube.com\/hebergements\/#breadcrumb"},"inLanguage":"en-UK","potentialAction":[{"@type":"ReadAction","target":["https:\/\/www.lareservedelaube.com\/hebergements\/"]}]},{"@type":"ImageObject","inLanguage":"en-UK","@id":"https:\/\/www.lareservedelaube.com\/hebergements\/#primaryimage","url":"https:\/\/www.lareservedelaube.com\/wp-content\/uploads\/2024\/11\/la-reserve-de-laube-zome-cerisier-du-dessus-11-1.jpg","contentUrl":"https:\/\/www.lareservedelaube.com\/wp-content\/uploads\/2024\/11\/la-reserve-de-laube-zome-cerisier-du-dessus-11-1.jpg","width":2500,"height":1875},{"@type":"BreadcrumbList","@id":"https:\/\/www.lareservedelaube.com\/hebergements\/#breadcrumb","itemListElement":[{"@type":"ListItem","position":1,"name":"Accueil","item":"https:\/\/www.lareservedelaube.com\/"},{"@type":"ListItem","position":2,"name":"H\u00e9bergements"}]},{"@type":"WebSite","@id":"https:\/\/www.lareservedelaube.com\/#website","url":"https:\/\/www.lareservedelaube.com\/","name":"La R\u00e9serve de l&#039;Aube","description":"Unusual accommodation in Champagne","potentialAction":[{"@type":"SearchAction","target":{"@type":"EntryPoint","urlTemplate":"https:\/\/www.lareservedelaube.com\/?s={search_term_string}"},"query-input":{"@type":"PropertyValueSpecification","valueRequired":true,"valueName":"search_term_string"}}],"inLanguage":"en-UK"}]}},"_links":{"self":[{"href":"https:\/\/www.lareservedelaube.com\/en\/wp-json\/wp\/v2\/pages\/2586","targetHints":{"allow":["GET"]}}],"collection":[{"href":"https:\/\/www.lareservedelaube.com\/en\/wp-json\/wp\/v2\/pages"}],"about":[{"href":"https:\/\/www.lareservedelaube.com\/en\/wp-json\/wp\/v2\/types\/page"}],"author":[{"embeddable":true,"href":"https:\/\/www.lareservedelaube.com\/en\/wp-json\/wp\/v2\/users\/1"}],"replies":[{"embeddable":true,"href":"https:\/\/www.lareservedelaube.com\/en\/wp-json\/wp\/v2\/comments?post=2586"}],"version-history":[{"count":5,"href":"https:\/\/www.lareservedelaube.com\/en\/wp-json\/wp\/v2\/pages\/2586\/revisions"}],"predecessor-version":[{"id":4784,"href":"https:\/\/www.lareservedelaube.com\/en\/wp-json\/wp\/v2\/pages\/2586\/revisions\/4784"}],"wp:featuredmedia":[{"embeddable":true,"href":"https:\/\/www.lareservedelaube.com\/en\/wp-json\/wp\/v2\/media\/4291"}],"wp:attachment":[{"href":"https:\/\/www.lareservedelaube.com\/en\/wp-json\/wp\/v2\/media?parent=2586"}],"curies":[{"name":"wp","href":"https:\/\/api.w.org\/{rel}","templated":true}]}}