{"id":18,"date":"2017-06-30T09:48:28","date_gmt":"2017-06-30T09:48:28","guid":{"rendered":"http:\/\/www.nicdarkthemes.com\/themes\/hotel\/wp\/demo\/?page_id=18"},"modified":"2026-04-15T17:36:42","modified_gmt":"2026-04-15T15:36:42","slug":"contact","status":"publish","type":"page","link":"https:\/\/www.lareservedelaube.com\/en\/contact\/","title":{"rendered":"Contact"},"content":{"rendered":"<div class=\"wpb-content-wrapper\"><div id=\"titlefix\" data-vc-full-width=\"true\" data-vc-full-width-temp=\"true\" data-vc-full-width-init=\"false\" data-vc-stretch-content=\"true\" data-vc-parallax=\"1.7\" data-vc-parallax-image=\"https:\/\/www.lareservedelaube.com\/wp-content\/uploads\/2021\/02\/unnamed-4.jpg\" class=\"vc_row wpb_row vc_row-fluid nd_options_vc_parallax_filter_1_2 vc_custom_1620637914521 vc_row-has-fill vc_row-no-padding vc_row-o-content-bottom vc_row-flex vc_general vc_parallax vc_parallax-content-moving\"><div class=\"wpb_column vc_column_container vc_col-sm-12\"><div class=\"vc_column-inner\"><div class=\"wpb_wrapper\">\n\t<div class=\"wpb_text_column wpb_content_element\" >\n\t\t<div class=\"wpb_wrapper\">\n\t\t\t<h1 style=\"text-align: center;\"><span style=\"color: #ffffff;\">Contact<\/span><\/h1>\n<p style=\"text-align: center;\"><span style=\"color: #ffffff;\"><em>form &amp; access<\/em><\/span><\/p>\n\n\t\t<\/div>\n\t<\/div>\n<\/div><\/div><\/div><\/div><div class=\"vc_row-full-width vc_clearfix\"><\/div><div class=\"vc_row wpb_row vc_row-fluid\"><div class=\"wpb_column vc_column_container vc_col-sm-12\"><div class=\"vc_column-inner\"><div class=\"wpb_wrapper\">\n\t<div class=\"wpb_text_column wpb_content_element\" >\n\t\t<div class=\"wpb_wrapper\">\n\t\t\t\n\t\t<\/div>\n\t<\/div>\n<\/div><\/div><\/div><\/div><div class=\"vc_row wpb_row vc_row-fluid vc_custom_1612271034421\"><div class=\"wpb_column vc_column_container vc_col-sm-6 vc_col-has-fill\"><div class=\"vc_column-inner vc_custom_1699543202499\"><div class=\"wpb_wrapper\"> <h2 style=\"color:;padding:px;text-align:;font-size:25px;line-height:25px;letter-spacing: px;font-weight:normal\" class=\"nd_options_first_font\">Form<\/h2> <div style=\"background-color:;height: 20px\" class=\"nicdark_section\"><\/div>\n\t<div class=\"wpb_text_column wpb_content_element desktoponly\" >\n\t\t<div class=\"wpb_wrapper\">\n\t\t\t<div>Do you have a question about a forthcoming holiday?<\/div>\n<div><span style=\"text-decoration: underline;\"><strong><a href=\"\/en\/faq\/\">See our FAQ<\/a><\/strong><\/span><strong> \u00a0<\/strong>for answers to frequently asked questions<\/div>\n<div><\/div>\n<div>Can't find the answer in the FAQ? Send us a message via this contact form and we'll get back to you as soon as possible.<\/div>\n<p>&nbsp;<\/p>\n<p><strong>Practical information<br \/>\n<\/strong><br \/>\n- Arrival between 4 p.m. and 8 p.m.<br \/>\n- Departure until 11 a.m.<br \/>\n- Late check-out possible until 1pm (optional)<br \/>\n- Domaine confidentiel - 3 accommodations only<br \/>\n- Experience for couples only<\/p>\n<p>&nbsp;<\/p>\n<p><strong>Contact us<\/strong><\/p>\n<p><em><strong>Address<\/strong><\/em> 13 rue Villebion, 10370 Villenauxe-la-Grande, France<br \/>\n<em><strong>Email<\/strong><\/em> : contact@lareservedelaube.com<\/p>\n<p>You can also write to us using the form below.<br \/>\nWe personally reply to every request.<\/p>\n\n\t\t<\/div>\n\t<\/div>\n\n\t<div class=\"wpb_text_column wpb_content_element mobileonly\" >\n\t\t<div class=\"wpb_wrapper\">\n\t\t\t<div>Do you have a question about a forthcoming holiday?<\/div>\n<div><span style=\"text-decoration: underline;\"><strong><a href=\"\/en\/faq\/\">See our FAQ<\/a><\/strong><\/span><strong> \u00a0<\/strong>for answers to frequently asked questions<\/div>\n<div><\/div>\n<div>Can't find the answer in the FAQ? Send us a message via this contact form and we'll get back to you as soon as possible.<\/div>\n<p>&nbsp;<\/p>\n<p><strong>Practical information<br \/>\n<\/strong><\/p>\n<ul>\n<li>Arrival 4pm-8pm - Departure 11am<\/li>\n<li>Late check-out until 1pm (optional)<\/li>\n<li>Confidential location - Couples experience only<\/li>\n<\/ul>\n<p>&nbsp;<\/p>\n<p><strong>Contact us<\/strong><\/p>\n<p><em><strong>Address<\/strong><\/em> 13 rue Villebion, 10370 Villenauxe-la-Grande, France<br \/>\n<em><strong>Email<\/strong><\/em> : contact@lareservedelaube.com<\/p>\n<p>You can also write to us using the form below.<br \/>\nWe personally reply to every request.<\/p>\n\n\t\t<\/div>\n\t<\/div>\n<div style=\"background-color:;height: 20px\" class=\"nicdark_section\"><\/div>\n\n    <!--start form-->\n    <div id=\"nd_options_shortcode_cf7_1072\" class=\"nd_options_section\">\n      \n      <div class=\"nd_options_section nd_options_box_sizing_border_box\">\n        \n<div class=\"wpcf7 no-js\" id=\"wpcf7-f1072-o1\" lang=\"en-US\" dir=\"ltr\">\n<div class=\"screen-reader-response\"><p role=\"status\" aria-live=\"polite\" aria-atomic=\"true\"><\/p> <ul><\/ul><\/div>\n<form action=\"\/en\/wp-json\/wp\/v2\/pages\/18#wpcf7-f1072-o1\" method=\"post\" class=\"wpcf7-form init\" aria-label=\"Contact form\" novalidate=\"novalidate\" data-status=\"init\" data-trp-original-action=\"\/en\/wp-json\/wp\/v2\/pages\/18#wpcf7-f1072-o1\">\n<input type=\"hidden\" name=\"_wpcf7\" value=\"1072\" \/><input type=\"hidden\" name=\"_wpcf7_version\" value=\"6.1.5\" \/><input type=\"hidden\" name=\"_wpcf7_locale\" value=\"en_US\" \/><input type=\"hidden\" name=\"_wpcf7_unit_tag\" value=\"wpcf7-f1072-o1\" \/><input type=\"hidden\" name=\"_wpcf7_container_post\" value=\"0\" \/><input type=\"hidden\" name=\"_wpcf7_posted_data_hash\" value=\"\" \/>\n\n<div class=\"nd_options_float_left nd_options_box_sizing_border_box nd_options_width_100_percentage_all_iphone_important nd_options_padding_0_right_important_all_iphone nd_options_padding_0_left_important_all_iphone\" style=\"padding: 0px 10px 15px 0px;width:100%\">\n<\/p>\n<p>Name :\n<\/p>\n<p><\/div> <span class=\"wpcf7-form-control-wrap\" data-name=\"text-835\"><input size=\"40\" class=\"wpcf7-form-control wpcf7-text\" aria-invalid=\"false\" value=\"\" type=\"text\" name=\"text-835\" \/><\/span><br \/>\n<div class=\"nd_options_float_left nd_options_box_sizing_border_box nd_options_width_100_percentage_all_iphone_important nd_options_padding_0_right_important_all_iphone nd_options_padding_0_left_important_all_iphone\" style=\"padding: 0px 10px 15px 0px;width:100%\">\n<\/p>\n<p>Email :\n<\/p>\n<p><\/div> <span class=\"wpcf7-form-control-wrap\" data-name=\"email-658\"><input size=\"40\" class=\"wpcf7-form-control wpcf7-email wpcf7-text wpcf7-validates-as-email\" aria-invalid=\"false\" value=\"\" type=\"email\" name=\"email-658\" \/><\/span><br \/>\n<div class=\"nd_options_float_left nd_options_box_sizing_border_box nd_options_width_100_percentage_all_iphone_important nd_options_padding_0_right_important_all_iphone nd_options_padding_0_left_important_all_iphone\" style=\"padding: 0px 10px 15px 0px;width:100%\">\n<\/p>\n<p>Message:\n<\/p>\n<p><span class=\"wpcf7-form-control-wrap\" data-name=\"message\"><textarea cols=\"40\" rows=\"5\" class=\"wpcf7-form-control wpcf7-textarea nd_options_padding_10_20_important nd_options_margin_top_10\" name=\"message\"><\/textarea><\/span><\/div><br \/>\n<div class=\"nd_options_float_left nd_options_box_sizing_border_box nd_options_width_100_percentage_all_iphone_important nd_options_padding_0_right_important_all_iphone nd_options_padding_0_left_important_all_iphone\" style=\"padding: 0px 0px 0px 0px;width:30%\"><\/div><input class=\"wpcf7-form-control wpcf7-submit has-spinner nd_booking_padding_15_30_important nd_options_second_font_important nd_options_color_white nd_options_display_inline_block nd_options_font_size_11 nd_options_font_weight_bold nd_options_letter_spacing_2 nd_options_section\" type=\"submit\" value=\"Send\" \/>\n<\/p><div class=\"wpcf7-response-output\" aria-hidden=\"true\"><\/div>\n<input type=\"hidden\" name=\"trp-form-language\" value=\"en\"\/><\/form>\n<\/div>\n \n      <\/div>  \n\n    <\/div>\n    <!--end form-->\n\n   <\/div><\/div><\/div><div class=\"wpb_column vc_column_container vc_col-sm-6\"><div class=\"vc_column-inner vc_custom_1467214272039\"><div class=\"wpb_wrapper\">\n\t<div class=\"wpb_text_column wpb_content_element desktoponly\" >\n\t\t<div class=\"wpb_wrapper\">\n\t\t\t<p>Located 100 km from Paris, La R\u00e9serve de l'Aube is easily accessible from all over the \u00cele-de-France region. A confidential estate with just 3 accommodations, La R\u00e9serve is an unspoilt place reserved exclusively for couples seeking calm, reconnection and discretion.<\/p>\n\n\t\t<\/div>\n\t<\/div>\n\n\t<div class=\"wpb_text_column wpb_content_element mobileonly\" >\n\t\t<div class=\"wpb_wrapper\">\n\t\t\t<p>Just 100 km from Paris, La R\u00e9serve de l'Aube is easily accessible from all over the \u00cele-de-France region. Confidential estate - 3 accommodations only, for couples only.<\/p>\n\n\t\t<\/div>\n\t<\/div>\n<div style=\"background-color:;height: 25px\" class=\"nicdark_section\"><\/div>\n\n\n  <div class=\"nd_options_section adressefull nd_options_display_table\">\n    <div class=\"nd_options_display_table_cell nd_options_vertical_align_middle nd_options_width_50_percentage nd_options_text_align_left nd_options_padding_10 nd_options_box_sizing_border_box\">\n      <p class=\"nd_options_second_font nd_options_margin_0 nd_options_padding_0\" style=\"color:#727475\">Address:<\/p>\n    <\/div>\n    <div class=\"nd_options_display_table_cell nd_options_vertical_align_middle nd_options_width_50_percentage nd_options_text_align_right nd_options_padding_10 nd_options_box_sizing_border_box\">\n      <p class=\"nd_options_second_font nd_options_margin_0 nd_options_padding_0\" style=\"color:#a3a3a3\">13 rue Villebion 10370 VILLENAUXE-LA-GRANDE<\/p>\n    <\/div>\n  <\/div>\n\n\n   \n\n\n  <div class=\"nd_options_section adressefull nd_options_display_table\">\n    <div class=\"nd_options_display_table_cell nd_options_vertical_align_middle nd_options_width_50_percentage nd_options_text_align_left nd_options_padding_10 nd_options_box_sizing_border_box\">\n      <p class=\"nd_options_second_font nd_options_margin_0 nd_options_padding_0\" style=\"color:#727475\">Phone number:<\/p>\n    <\/div>\n    <div class=\"nd_options_display_table_cell nd_options_vertical_align_middle nd_options_width_50_percentage nd_options_text_align_right nd_options_padding_10 nd_options_box_sizing_border_box\">\n      <p class=\"nd_options_second_font nd_options_margin_0 nd_options_padding_0\" style=\"color:#a3a3a3\"><\/p>\n    <\/div>\n  <\/div>\n\n\n   \n\n\n  <div class=\"nd_options_section adressefull nd_options_display_table\">\n    <div class=\"nd_options_display_table_cell nd_options_vertical_align_middle nd_options_width_50_percentage nd_options_text_align_left nd_options_padding_10 nd_options_box_sizing_border_box\">\n      <p class=\"nd_options_second_font nd_options_margin_0 nd_options_padding_0\" style=\"color:#727475\">Email:<\/p>\n    <\/div>\n    <div class=\"nd_options_display_table_cell nd_options_vertical_align_middle nd_options_width_50_percentage nd_options_text_align_right nd_options_padding_10 nd_options_box_sizing_border_box\">\n      <p class=\"nd_options_second_font nd_options_margin_0 nd_options_padding_0\" style=\"color:#a3a3a3\">contact@lareservedelaube.com<\/p>\n    <\/div>\n  <\/div>\n\n\n   \n\t<div class=\"wpb_text_column wpb_content_element\" >\n\t\t<div class=\"wpb_wrapper\">\n\t\t\t<p>Our Google review page: <span style=\"text-decoration: underline; font-weight: 200;\"><strong><a href=\"https:\/\/www.google.fr\/maps\/place\/La+R%C3%A9serve+de+l%E2%80%99Aube\/@48.4362644,3.6714926,11z\/data=!4m8!1m2!2m1!1sla+reserve+de+laube!3m4!1s0x47eed5c069a81319:0xc93abc385fc7bd8!8m2!3d48.5965626!4d3.5543463\" target=\"_blank\" rel=\"noopener\">Click here to review your experience at La R\u00e9serve de l'Aube<\/a><\/strong><\/span><\/p>\n<p>&nbsp;<\/p>\n<p>See the <span style=\"text-decoration: underline;\"><a href=\"\/en\/legal-notice\/\">legal information<\/a><\/span> and<span style=\"text-decoration: underline;\"> <a href=\"https:\/\/www.lareservedelaube.com\/wp-content\/uploads\/2021\/03\/CONDITIONS-GENERALES-DE-VENTE.pdf\">GTC\u00a0<\/a><\/span><\/p>\n\n\t\t<\/div>\n\t<\/div>\n\n\t<div  class=\"wpb_single_image wpb_content_element vc_align_left wpb_content_element\">\n\t\t\n\t\t<figure class=\"wpb_wrapper vc_figure\">\n\t\t\t<div class=\"vc_single_image-wrapper   vc_box_border_grey\"><img loading=\"lazy\" decoding=\"async\" width=\"150\" height=\"150\" src=\"https:\/\/www.lareservedelaube.com\/wp-content\/uploads\/2026\/04\/unnamed-1-150x150.jpg\" class=\"vc_single_image-img attachment-thumbnail\" alt=\"\" title=\"unnamed-1\" srcset=\"https:\/\/www.lareservedelaube.com\/wp-content\/uploads\/2026\/04\/unnamed-1-150x150.jpg 150w, https:\/\/www.lareservedelaube.com\/wp-content\/uploads\/2026\/04\/unnamed-1-300x300.jpg 300w, https:\/\/www.lareservedelaube.com\/wp-content\/uploads\/2026\/04\/unnamed-1-12x12.jpg 12w, https:\/\/www.lareservedelaube.com\/wp-content\/uploads\/2026\/04\/unnamed-1-100x100.jpg 100w, https:\/\/www.lareservedelaube.com\/wp-content\/uploads\/2026\/04\/unnamed-1.jpg 480w\" sizes=\"auto, (max-width: 150px) 100vw, 150px\" \/><\/div>\n\t\t<\/figure>\n\t<\/div>\n\n\t<div class=\"wpb_text_column wpb_content_element\" >\n\t\t<div class=\"wpb_wrapper\">\n\t\t\t<h3>Follow us<\/h3>\n\n\t\t<\/div>\n\t<\/div>\n<div class=\"vc_row wpb_row vc_inner vc_row-fluid\"><div class=\"colomnsocial wpb_column vc_column_container vc_col-sm-2\"><div class=\"vc_column-inner\"><div class=\"wpb_wrapper\">\n\t<div  class=\"wpb_single_image wpb_content_element vc_align_left wpb_content_element\">\n\t\t\n\t\t<figure class=\"wpb_wrapper vc_figure\">\n\t\t\t<a href=\"https:\/\/www.facebook.com\/lareservedelaube\/?locale=fr_FR\" target=\"_blank\" class=\"vc_single_image-wrapper   vc_box_border_grey\"><img decoding=\"async\" class=\"vc_single_image-img\" src=\"https:\/\/www.lareservedelaube.com\/wp-content\/uploads\/2026\/02\/1-50x50.png\" width=\"50\" height=\"50\" alt=\"1\" title=\"1\" loading=\"lazy\" \/><\/a>\n\t\t<\/figure>\n\t<\/div>\n<\/div><\/div><\/div><div class=\"colomnsocial wpb_column vc_column_container vc_col-sm-2\"><div class=\"vc_column-inner\"><div class=\"wpb_wrapper\">\n\t<div  class=\"wpb_single_image wpb_content_element vc_align_left wpb_content_element\">\n\t\t\n\t\t<figure class=\"wpb_wrapper vc_figure\">\n\t\t\t<a href=\"https:\/\/www.instagram.com\/lareservedelaube\/\" target=\"_blank\" class=\"vc_single_image-wrapper   vc_box_border_grey\"><img decoding=\"async\" class=\"vc_single_image-img\" src=\"https:\/\/www.lareservedelaube.com\/wp-content\/uploads\/2026\/02\/2-50x50.png\" width=\"50\" height=\"50\" alt=\"2\" title=\"2\" loading=\"lazy\" \/><\/a>\n\t\t<\/figure>\n\t<\/div>\n<\/div><\/div><\/div><div class=\"colomnsocial wpb_column vc_column_container vc_col-sm-2\"><div class=\"vc_column-inner\"><div class=\"wpb_wrapper\">\n\t<div  class=\"wpb_single_image wpb_content_element vc_align_left wpb_content_element\">\n\t\t\n\t\t<figure class=\"wpb_wrapper vc_figure\">\n\t\t\t<a href=\"https:\/\/www.tiktok.com\/@lareservedelaube\" target=\"_blank\" class=\"vc_single_image-wrapper   vc_box_border_grey\"><img decoding=\"async\" class=\"vc_single_image-img\" src=\"https:\/\/www.lareservedelaube.com\/wp-content\/uploads\/2026\/02\/3-50x50.png\" width=\"50\" height=\"50\" alt=\"3\" title=\"3\" loading=\"lazy\" \/><\/a>\n\t\t<\/figure>\n\t<\/div>\n<\/div><\/div><\/div><div class=\"wpb_column vc_column_container vc_col-sm-2\"><div class=\"vc_column-inner\"><div class=\"wpb_wrapper\"><\/div><\/div><\/div><div class=\"wpb_column vc_column_container vc_col-sm-2\"><div class=\"vc_column-inner\"><div class=\"wpb_wrapper\"><\/div><\/div><\/div><div class=\"wpb_column vc_column_container vc_col-sm-2\"><div class=\"vc_column-inner\"><div class=\"wpb_wrapper\"><\/div><\/div><\/div><\/div><\/div><\/div><\/div><\/div><div class=\"vc_row wpb_row vc_row-fluid\"><div class=\"wpb_column vc_column_container vc_col-sm-12\"><div class=\"vc_column-inner\"><div class=\"wpb_wrapper\"><\/div><\/div><\/div><\/div><div class=\"vc_row wpb_row vc_row-fluid\"><div class=\"wpb_column vc_column_container vc_col-sm-12\"><div class=\"vc_column-inner\"><div class=\"wpb_wrapper\"><\/div><\/div><\/div><\/div><div class=\"vc_row wpb_row vc_row-fluid vc_custom_1621326273205\"><div class=\"wpb_column vc_column_container vc_col-sm-12\"><div class=\"vc_column-inner\"><div class=\"wpb_wrapper\">\n\t<div class=\"wpb_text_column wpb_content_element\" >\n\t\t<div class=\"wpb_wrapper\">\n\t\t\t<p style=\"text-align: center;\"><span style=\"color: #333333;\">With the financial support of R\u00e9gion Grand Est<\/span><\/p>\n<div style=\"text-align: center;\"><img loading=\"lazy\" decoding=\"async\" class=\"wp-image-3000 size-medium\" style=\"height: 115px; width: auto; vertical-align: middle; margin: 0 12px;\" src=\"https:\/\/www.lareservedelaube.com\/wp-content\/uploads\/2021\/05\/unnamed-5-e1621326046764-300x115.jpg\" alt=\"\" width=\"300\" height=\"115\" srcset=\"https:\/\/www.lareservedelaube.com\/wp-content\/uploads\/2021\/05\/unnamed-5-e1621326046764-300x115.jpg 300w, https:\/\/www.lareservedelaube.com\/wp-content\/uploads\/2021\/05\/unnamed-5-e1621326046764-600x230.jpg 600w, https:\/\/www.lareservedelaube.com\/wp-content\/uploads\/2021\/05\/unnamed-5-e1621326046764-1024x393.jpg 1024w, https:\/\/www.lareservedelaube.com\/wp-content\/uploads\/2021\/05\/unnamed-5-e1621326046764-768x294.jpg 768w, https:\/\/www.lareservedelaube.com\/wp-content\/uploads\/2021\/05\/unnamed-5-e1621326046764.jpg 1445w\" sizes=\"auto, (max-width: 300px) 100vw, 300px\" \/><\/div>\n\n\t\t<\/div>\n\t<\/div>\n<\/div><\/div><\/div><\/div>\n<\/div>","protected":false},"excerpt":{"rendered":"Contact formulaire &amp; acc\u00e8s Formulaire Une question pour un s\u00e9jour \u00e0 venir? Consultez notre FAQ \u00a0pour conna\u00eetre les r\u00e9ponses aux questions habituelles Vous ne trouvez pas la r\u00e9ponse dans la FAQ? \u00c9crivez-nous un message via ce formulaire de contact et nous y r\u00e9pondrons dans les meilleurs d\u00e9lais. &nbsp; Informations pratiques \u2022 Arriv\u00e9e entre 16h et [...]","protected":false},"author":1,"featured_media":0,"parent":0,"menu_order":0,"comment_status":"closed","ping_status":"closed","template":"","meta":{"footnotes":""},"class_list":["post-18","page","type-page","status-publish","hentry"],"yoast_head":"<!-- This site is optimized with the Yoast SEO plugin v27.5 - https:\/\/yoast.com\/product\/yoast-seo-wordpress\/ -->\n<title>Contact - La R\u00e9serve de l&#039;Aube<\/title>\n<meta name=\"description\" content=\"Contactez et reserver \u00e0 La R\u00e9serve de l&#039;Aube, h\u00e9bergement insolite, logement en Champagne. Id\u00e9al s\u00e9jour en amoureux\" \/>\n<meta name=\"robots\" content=\"index, follow, max-snippet:-1, max-image-preview:large, max-video-preview:-1\" \/>\n<link rel=\"canonical\" href=\"https:\/\/www.lareservedelaube.com\/en\/contact\/\" \/>\n<meta property=\"og:locale\" content=\"en_US\" \/>\n<meta property=\"og:type\" content=\"article\" \/>\n<meta property=\"og:title\" content=\"Contact - La R\u00e9serve de l&#039;Aube\" \/>\n<meta property=\"og:description\" content=\"Contactez et reserver \u00e0 La R\u00e9serve de l&#039;Aube, h\u00e9bergement insolite, logement en Champagne. Id\u00e9al s\u00e9jour en amoureux\" \/>\n<meta property=\"og:url\" content=\"https:\/\/www.lareservedelaube.com\/en\/contact\/\" \/>\n<meta property=\"og:site_name\" content=\"La R\u00e9serve de l&#039;Aube\" \/>\n<meta property=\"article:modified_time\" content=\"2026-04-15T15:36:42+00:00\" \/>\n<meta property=\"og:image\" content=\"https:\/\/www.lareservedelaube.com\/wp-content\/uploads\/2021\/05\/unnamed-5-e1621326046764-300x115.jpg\" \/>\n<meta name=\"twitter:card\" content=\"summary_large_image\" \/>\n<meta name=\"twitter:label1\" content=\"Est. reading time\" \/>\n\t<meta name=\"twitter:data1\" content=\"3 minutes\" \/>\n<script type=\"application\/ld+json\" class=\"yoast-schema-graph\">{\"@context\":\"https:\\\/\\\/schema.org\",\"@graph\":[{\"@type\":\"WebPage\",\"@id\":\"https:\\\/\\\/www.lareservedelaube.com\\\/contact\\\/\",\"url\":\"https:\\\/\\\/www.lareservedelaube.com\\\/contact\\\/\",\"name\":\"Contact - La R\u00e9serve de l&#039;Aube\",\"isPartOf\":{\"@id\":\"https:\\\/\\\/www.lareservedelaube.com\\\/#website\"},\"primaryImageOfPage\":{\"@id\":\"https:\\\/\\\/www.lareservedelaube.com\\\/contact\\\/#primaryimage\"},\"image\":{\"@id\":\"https:\\\/\\\/www.lareservedelaube.com\\\/contact\\\/#primaryimage\"},\"thumbnailUrl\":\"https:\\\/\\\/www.lareservedelaube.com\\\/wp-content\\\/uploads\\\/2021\\\/05\\\/unnamed-5-e1621326046764-300x115.jpg\",\"datePublished\":\"2017-06-30T09:48:28+00:00\",\"dateModified\":\"2026-04-15T15:36:42+00:00\",\"description\":\"Contactez et reserver \u00e0 La R\u00e9serve de l'Aube, h\u00e9bergement insolite, logement en Champagne. Id\u00e9al s\u00e9jour en amoureux\",\"breadcrumb\":{\"@id\":\"https:\\\/\\\/www.lareservedelaube.com\\\/contact\\\/#breadcrumb\"},\"inLanguage\":\"en-UK\",\"potentialAction\":[{\"@type\":\"ReadAction\",\"target\":[\"https:\\\/\\\/www.lareservedelaube.com\\\/contact\\\/\"]}]},{\"@type\":\"ImageObject\",\"inLanguage\":\"en-UK\",\"@id\":\"https:\\\/\\\/www.lareservedelaube.com\\\/contact\\\/#primaryimage\",\"url\":\"https:\\\/\\\/www.lareservedelaube.com\\\/wp-content\\\/uploads\\\/2021\\\/05\\\/unnamed-5-e1621326046764-300x115.jpg\",\"contentUrl\":\"https:\\\/\\\/www.lareservedelaube.com\\\/wp-content\\\/uploads\\\/2021\\\/05\\\/unnamed-5-e1621326046764-300x115.jpg\"},{\"@type\":\"BreadcrumbList\",\"@id\":\"https:\\\/\\\/www.lareservedelaube.com\\\/contact\\\/#breadcrumb\",\"itemListElement\":[{\"@type\":\"ListItem\",\"position\":1,\"name\":\"Accueil\",\"item\":\"https:\\\/\\\/www.lareservedelaube.com\\\/\"},{\"@type\":\"ListItem\",\"position\":2,\"name\":\"Contact\"}]},{\"@type\":\"WebSite\",\"@id\":\"https:\\\/\\\/www.lareservedelaube.com\\\/#website\",\"url\":\"https:\\\/\\\/www.lareservedelaube.com\\\/\",\"name\":\"La R\u00e9serve de l&#039;Aube\",\"description\":\"H\u00e9bergements insolites en Champagne\",\"potentialAction\":[{\"@type\":\"SearchAction\",\"target\":{\"@type\":\"EntryPoint\",\"urlTemplate\":\"https:\\\/\\\/www.lareservedelaube.com\\\/?s={search_term_string}\"},\"query-input\":{\"@type\":\"PropertyValueSpecification\",\"valueRequired\":true,\"valueName\":\"search_term_string\"}}],\"inLanguage\":\"en-UK\"}]}<\/script>\n<!-- \/ Yoast SEO plugin. -->","yoast_head_json":{"title":"Contact - La R\u00e9serve de l&#039;Aube","description":"Contact and book at La R\u00e9serve de l'Aube, unusual accommodation, accommodation in Champagne. Ideal for a romantic getaway","robots":{"index":"index","follow":"follow","max-snippet":"max-snippet:-1","max-image-preview":"max-image-preview:large","max-video-preview":"max-video-preview:-1"},"canonical":"https:\/\/www.lareservedelaube.com\/en\/contact\/","og_locale":"en_US","og_type":"article","og_title":"Contact - La R\u00e9serve de l&#039;Aube","og_description":"Contactez et reserver \u00e0 La R\u00e9serve de l'Aube, h\u00e9bergement insolite, logement en Champagne. Id\u00e9al s\u00e9jour en amoureux","og_url":"https:\/\/www.lareservedelaube.com\/en\/contact\/","og_site_name":"La R\u00e9serve de l&#039;Aube","article_modified_time":"2026-04-15T15:36:42+00:00","og_image":[{"url":"https:\/\/www.lareservedelaube.com\/wp-content\/uploads\/2021\/05\/unnamed-5-e1621326046764-300x115.jpg","type":"","width":"","height":""}],"twitter_card":"summary_large_image","twitter_misc":{"Est. reading time":"3 minutes"},"schema":{"@context":"https:\/\/schema.org","@graph":[{"@type":"WebPage","@id":"https:\/\/www.lareservedelaube.com\/contact\/","url":"https:\/\/www.lareservedelaube.com\/contact\/","name":"Contact - La R\u00e9serve de l&#039;Aube","isPartOf":{"@id":"https:\/\/www.lareservedelaube.com\/#website"},"primaryImageOfPage":{"@id":"https:\/\/www.lareservedelaube.com\/contact\/#primaryimage"},"image":{"@id":"https:\/\/www.lareservedelaube.com\/contact\/#primaryimage"},"thumbnailUrl":"https:\/\/www.lareservedelaube.com\/wp-content\/uploads\/2021\/05\/unnamed-5-e1621326046764-300x115.jpg","datePublished":"2017-06-30T09:48:28+00:00","dateModified":"2026-04-15T15:36:42+00:00","description":"Contact and book at La R\u00e9serve de l'Aube, unusual accommodation, accommodation in Champagne. Ideal for a romantic getaway","breadcrumb":{"@id":"https:\/\/www.lareservedelaube.com\/contact\/#breadcrumb"},"inLanguage":"en-UK","potentialAction":[{"@type":"ReadAction","target":["https:\/\/www.lareservedelaube.com\/contact\/"]}]},{"@type":"ImageObject","inLanguage":"en-UK","@id":"https:\/\/www.lareservedelaube.com\/contact\/#primaryimage","url":"https:\/\/www.lareservedelaube.com\/wp-content\/uploads\/2021\/05\/unnamed-5-e1621326046764-300x115.jpg","contentUrl":"https:\/\/www.lareservedelaube.com\/wp-content\/uploads\/2021\/05\/unnamed-5-e1621326046764-300x115.jpg"},{"@type":"BreadcrumbList","@id":"https:\/\/www.lareservedelaube.com\/contact\/#breadcrumb","itemListElement":[{"@type":"ListItem","position":1,"name":"Accueil","item":"https:\/\/www.lareservedelaube.com\/"},{"@type":"ListItem","position":2,"name":"Contact"}]},{"@type":"WebSite","@id":"https:\/\/www.lareservedelaube.com\/#website","url":"https:\/\/www.lareservedelaube.com\/","name":"La R\u00e9serve de l&#039;Aube","description":"Unusual accommodation in Champagne","potentialAction":[{"@type":"SearchAction","target":{"@type":"EntryPoint","urlTemplate":"https:\/\/www.lareservedelaube.com\/?s={search_term_string}"},"query-input":{"@type":"PropertyValueSpecification","valueRequired":true,"valueName":"search_term_string"}}],"inLanguage":"en-UK"}]}},"_links":{"self":[{"href":"https:\/\/www.lareservedelaube.com\/en\/wp-json\/wp\/v2\/pages\/18","targetHints":{"allow":["GET"]}}],"collection":[{"href":"https:\/\/www.lareservedelaube.com\/en\/wp-json\/wp\/v2\/pages"}],"about":[{"href":"https:\/\/www.lareservedelaube.com\/en\/wp-json\/wp\/v2\/types\/page"}],"author":[{"embeddable":true,"href":"https:\/\/www.lareservedelaube.com\/en\/wp-json\/wp\/v2\/users\/1"}],"replies":[{"embeddable":true,"href":"https:\/\/www.lareservedelaube.com\/en\/wp-json\/wp\/v2\/comments?post=18"}],"version-history":[{"count":21,"href":"https:\/\/www.lareservedelaube.com\/en\/wp-json\/wp\/v2\/pages\/18\/revisions"}],"predecessor-version":[{"id":4595,"href":"https:\/\/www.lareservedelaube.com\/en\/wp-json\/wp\/v2\/pages\/18\/revisions\/4595"}],"wp:attachment":[{"href":"https:\/\/www.lareservedelaube.com\/en\/wp-json\/wp\/v2\/media?parent=18"}],"curies":[{"name":"wp","href":"https:\/\/api.w.org\/{rel}","templated":true}]}}